{"id":161616,"date":"2025-09-08T20:09:35","date_gmt":"2025-09-08T20:09:35","guid":{"rendered":"https:\/\/blackpinecabin.hu\/?page_id=161616"},"modified":"2026-03-05T19:47:00","modified_gmt":"2026-03-05T19:47:00","slug":"gyik","status":"publish","type":"page","link":"https:\/\/blackpinecabin.hu\/en\/gyik\/","title":{"rendered":"Frequently Asked Questions (FAQ)"},"content":{"rendered":"<div class=\"wpb-content-wrapper\"><div data-parent=\"true\" class=\"vc_row row-container\" id=\"row-unique-0\"><div class=\"row unequal col-no-gutter no-top-padding no-bottom-padding no-h-padding full-width row-parent\"><div class=\"wpb_row row-inner\"><div class=\"wpb_column pos-top pos-center align_left column_parent col-lg-12 single-internal-gutter\"><div class=\"uncol style-light\"  ><div class=\"uncoltable\"><div class=\"uncell triple-block-padding\" ><div class=\"uncont\" ><div class=\"vc_custom_heading_wrap\"><div class=\"heading-text el-text\" ><h2 class=\"fontsize-155944\" ><span>Frequently Asked Questions (FAQ)<\/span><\/h2><\/div><div class=\"clear\"><\/div><\/div><div class=\"vc_row row-internal row-container\"><div class=\"row row-child\"><div class=\"wpb_row row-inner\"><div class=\"wpb_column pos-top pos-center align_left column_child col-lg-8 single-internal-gutter\"><div class=\"uncol style-light\" ><div class=\"uncoltable\"><div class=\"uncell no-block-padding\" ><div class=\"uncont\" ><div class=\"vc_custom_heading_wrap\"><div class=\"heading-text el-text\" ><h3 class=\"h3 fontheight-357766 font-weight-400 text-color-jevc-color\" ><span>All further details, information, and terms are set out in the Terms &amp; Conditions (T&amp;C). Failure to read or observe the T&amp;C does not exempt the guest from the rights and obligations contained therein, nor does it provide grounds for any subsequent claims.<br \/><\/span><span>If you have a question that isn\u2019t answered here or in our Terms &amp; Conditions, please email us at <a href=\"mailto:hello@blackpinecabin.hu\">hello@blackpinecabin.hu<\/a> \u2026and we\u2019ll do our best to help.<\/span><\/h3><\/div><div class=\"clear\"><\/div><\/div><\/div><\/div><\/div><\/div><\/div><div class=\"wpb_column pos-top pos-center align_left column_child col-lg-4 single-internal-gutter\"><div class=\"uncol style-light\" ><div class=\"uncoltable\"><div class=\"uncell no-block-padding\" ><div class=\"uncont\" ><span class=\"btn-container\" ><a role=\"button\"  href=\"\/en\/aszf\/\" class=\"custom-link btn btn-lg border-width-0 btn-button_color-106306 btn-no-scale btn-icon-right\">T&amp;C<i class=\"fa fa-arrow-right4\"><\/i><\/a><\/span><span class=\"btn-container\" ><a role=\"button\"  href=\"\/en\/foglalas\/\" class=\"custom-link btn btn-lg border-width-0 btn-button_color-316567 btn-no-scale btn-icon-right\">BOOKING<i class=\"fa fa-arrow-right4\"><\/i><\/a><\/span><span class=\"btn-container\" ><a role=\"button\"  href=\"\/en\/adatvedelmi-tajekoztato\/\" class=\"custom-link btn btn-lg border-width-0 btn-button_color-887287 btn-no-scale btn-icon-right\">ADATV\u00c9DELMI T\u00c1J\u00c9KOZTAT\u00d3<i class=\"fa fa-arrow-right4\"><\/i><\/a><\/span><\/div><\/div><\/div><\/div><\/div><\/div><\/div><\/div><div class=\"uncode-accordion wpb_accordion wpb_content_element  plus-signed sign-size-rg default-typography w-border no-content-border\" data-collapsible=\"no\" data-target=\"\" data-active-tab=\"0\" data-a-classes=\"single-block-padding no-h-padding\" >\n\t\t<div class=\"panel-group wpb_wrapper wpb_accordion_wrapper\" id=\"accordion_601321529\" data-no-toggle=\"\">\n\n<div class=\"panel panel-default wpb_accordion_section group  single-block-padding has-padding no-h-padding\"><div class=\"panel-heading wpb_accordion_header ui-accordion-header\"><p class=\"panel-title h2 font-weight-600 text-   icon-size-rg\"><a data-toggle=\"collapse\" data-parent=\"#accordion_601321529\" href=\"#559d-7b8a171567718156475b5-98d5\" class=\"single-block-padding no-h-padding\"><span>BOOKING<\/span><\/a><\/p><\/div><div id=\"559d-7b8a171567718156475b5-98d5\" class=\"panel-collapse collapse\"><div class=\"panel-body wpb_accordion_content ui-accordion-content half-internal-gutter single-block-padding\">\n\t\t\t\t\t\t<div class=\"uncode_text_column text-lead text-color-jevc-color\" ><\/p>\n<ul>\n<li><b>How many guests can the accommodation host?<br \/>\n<\/b>Our prices are counted for 2 guests, but the cabin comfortably accommodates up to 4. You\u2019ll find full pricing details under Prices.<\/li>\n<li><b>Are you open during the winter season?<br \/>\n<\/b>Yes! The cabin is extra-insulated and equipped with heating A\/C, electric underfloor heating, and a wood-burning stove for maximum comfort.<\/li>\n<li><b>When do we need to pay the full amount?<br \/>\n<\/b>The full amount must be paid within 24 hours after booking.<\/li>\n<li><b>Do you have cancellation terms?<br \/>\n<\/b>\u00c9rkez\u00e9st megel\u0151z\u0151 15. napig d\u00edjmentesen t\u00f6r\u00f6lhet\u0151 a foglal\u00e1s. \u00c9rkez\u00e9st megel\u0151z\u0151 14-7. napig 50% k\u00f6tb\u00e9r ellen\u00e9ben. K\u00e9s\u0151bbi lemond\u00e1s eset\u00e9n nem \u00e1ll m\u00f3dunkban p\u00e9nzvisszafizet\u00e9sre, illetve visszat\u00e9r\u00edteni. Ezt mind csak email-ben tudjuk elfogadni, a hello@blackpinecabin.hu c\u00edmen. K\u00e9rj\u00fck ezek ismeret\u00e9ben foglald le sz\u00e1ll\u00e1sod id\u0151pontj\u00e1t.<\/li>\n<li><b>Can we change our dates?<br \/>\n<\/b>Yes \u2014 you can reschedule free of charge up to 14 days before arrival, subject to availability.<\/li>\n<li><b>What\u2019s included in the price?<br \/>\n<\/b>Exclusive, full use of the cabin during your stay, plus:\nFull use of the garden, with BBQ\/grilling option\nUse of the terraces.\nUse of the wood-fired hot tub and sauna.\nCoffee provided in proportion to the number of booked days.\nTowels and basic toiletries.\nA fully equipped kitchen with refrigerator.<\/li>\n<\/ul>\n<p>\n<\/div><\/div><\/div><\/div><div class=\"panel panel-default wpb_accordion_section group  single-block-padding has-padding no-h-padding\"><div class=\"panel-heading wpb_accordion_header ui-accordion-header\"><p class=\"panel-title h2 font-weight-600 text-   icon-size-rg\"><a data-toggle=\"collapse\" data-parent=\"#accordion_601321529\" href=\"#d2f8-ab22171567718156475b5-98d5\" class=\"single-block-padding no-h-padding\"><span>ARRIVAL &amp; DEPARTURE<\/span><\/a><\/p><\/div><div id=\"d2f8-ab22171567718156475b5-98d5\" class=\"panel-collapse collapse\"><div class=\"panel-body wpb_accordion_content ui-accordion-content half-internal-gutter single-block-padding\">\n\t\t\t\t\t\t<div class=\"uncode_text_column text-lead text-color-jevc-color\" ><p>Check-in is available from 2:00 PM on the agreed arrival date.\nCheck-out is possible until 10:00 AM on the agreed departure date.<\/p>\n<ul>\n<li><b>Where can I find the accommodation?<br \/>\n<\/b>Address: <strong><a href=\"https:\/\/maps.app.goo.gl\/cgR1vSY58VG4bFxf7\">Szentendre \u2013 Irt\u00e1s utca 34<\/a><\/strong>. &#8222;Black Pine Cabin&#8221; ( 47.70556, 19.07673 )<\/li>\n<li><b>Is parking available on site?<br \/>\n<\/b>Yes, you can park right in front of the gate, in a shaded spot under a pergola. Up to two cars can fit one behind the other.<\/li>\n<li><b>Where do I find the key?<br \/>\n<\/b>Before arrival, we\u2019ll send you an email with the code for the smart lock. The code becomes available after 2:00 PM, once cleaning is complete and the cabin is ready to welcome you.<\/li>\n<\/ul>\n<p>\n<\/div><\/div><\/div><\/div><div class=\"panel panel-default wpb_accordion_section group  single-block-padding has-padding no-h-padding\"><div class=\"panel-heading wpb_accordion_header ui-accordion-header\"><p class=\"panel-title h2 font-weight-600 text-   icon-size-rg\"><a data-toggle=\"collapse\" data-parent=\"#accordion_601321529\" href=\"#91bc-98b5171567718156475b5-98d5\" class=\"single-block-padding no-h-padding\"><span>AMENITIES &amp; SERVICES<\/span><\/a><\/p><\/div><div id=\"91bc-98b5171567718156475b5-98d5\" class=\"panel-collapse collapse\"><div class=\"panel-body wpb_accordion_content ui-accordion-content half-internal-gutter single-block-padding\">\n\t\t\t\t\t\t<div class=\"uncode_text_column text-lead text-color-jevc-color\" ><\/p>\n<ul>\n<li><b>What\u2019s inside Black Pine Cabin?<br \/>\n<\/b>We designed the entire cabin to be comfortable and to provide everything you need for a truly relaxing stay.<br \/>\n- Custom-built furniture with plenty of storage (your clothes will fit comfortably)<br \/>\n- Fully equipped kitchen with a fridge and cooktop, plus everything needed for cooking<br \/>\n- Microwave, coffee machine with capsules, and an electric kettle<br \/>\n- Sauna, hot tub (tub bath) and A\/C for both cooling and heating<br \/>\n- Toiletries (liquid shower gel and shampoo) and towels<br \/>\n- Dining table with 4 chairs, a sofa, and two double beds with quality foam mattresses<br \/>\n- BBQ\/grilling option, with dry firewood provided<\/li>\n<li><b>Do you have a TV and Wi-Fi?<br \/>\n<\/b>There\u2019s no TV \u2014 we\u2019d love these few days to be about slowing down, not screens.<br \/>\nWi-Fi is available, and you\u2019ll also have 5G-quality mobile internet coverage.<\/li>\n<li><b>Is there air conditioning?<br \/>\n<\/b>Yes \u2014 the A\/C has both cooling and heating functions, and there\u2019s an extra-quiet fan as well.<\/li>\n<li><b>Is using the hot tub and sauna complicated?<br \/>\n<\/b>You\u2019ll receive clear instructions for using the sauna and heating the tub.\nBoth the sauna and the hot tub are electric \u2014 because in winter the heat from a wood-fired system could damage the surrounding trees\u2019 canopy.<\/li>\n<\/ul>\n<p>\n<\/div><\/div><\/div><\/div><div class=\"panel panel-default wpb_accordion_section group  single-block-padding has-padding no-h-padding\"><div class=\"panel-heading wpb_accordion_header ui-accordion-header\"><p class=\"panel-title h2 font-weight-600 text-   icon-size-rg\"><a data-toggle=\"collapse\" data-parent=\"#accordion_601321529\" href=\"#3ea7-814d171567718156475b5-98d5\" class=\"single-block-padding no-h-padding\"><span>PAYMENT<\/span><\/a><\/p><\/div><div id=\"3ea7-814d171567718156475b5-98d5\" class=\"panel-collapse collapse\"><div class=\"panel-body wpb_accordion_content ui-accordion-content half-internal-gutter single-block-padding\">\n\t\t\t\t\t\t<div class=\"uncode_text_column text-lead text-color-jevc-color\" ><\/p>\n<ul>\n<li><b>When do we need to pay?<br \/>\n<\/b>The bank transfer must arrive within 24 hours after booking. International transfers: Please note that international bank transfers may take a few business days to arrive. In this case, please email us a payment confirmation\/transfer receipt within 24 hours of your booking so we can keep your reservation active until the funds are received. If it doesn\u2019t, the reservation will be cancelled.<\/li>\n<li><b>How do we pay?<br \/>\n<\/b>Please make a bank transfer and include your booking reference\/number in the note\/memo field. <strong>Bank account details:<\/strong> 11600006-00000002-03763560, <strong>Name:<\/strong>: Dr. Megyeri Johanna<\/li>\n<li><b>When is the booking confirmed?<br \/>\n<\/b>The transferred amount is usually credited within 24 hours. Once we receive it, we\u2019ll send you a confirmation email.<\/li>\n<\/ul>\n<p>\n<\/div><\/div><\/div><\/div><div class=\"panel panel-default wpb_accordion_section group  single-block-padding has-padding no-h-padding\"><div class=\"panel-heading wpb_accordion_header ui-accordion-header\"><p class=\"panel-title h2 font-weight-600 text-   icon-size-rg\"><a data-toggle=\"collapse\" data-parent=\"#accordion_601321529\" href=\"#5ec8-1a2b171567718156475b5-98d5\" class=\"single-block-padding no-h-padding\"><span>OTHER<\/span><\/a><\/p><\/div><div id=\"5ec8-1a2b171567718156475b5-98d5\" class=\"panel-collapse collapse\"><div class=\"panel-body wpb_accordion_content ui-accordion-content half-internal-gutter single-block-padding\">\n\t\t\t\t\t\t<div class=\"uncode_text_column text-lead text-color-jevc-color\" ><\/p>\n<ul>\n<li><b>Fogadhatok kuty\u00e1t a Black Pine Cabinben?<\/b><br \/>\nIgen, kis- \u00e9s k\u00f6zepes test\u0171 kuty\u00e1t (max. 25 kg) el\u0151zetes jelz\u00e9ssel fogadunk.<\/li>\n<li><b>Mennyibe ker\u00fcl a kutya?<\/b><br \/>\n20 000 Ft \/ tart\u00f3zkod\u00e1s \/ kutya.<\/li>\n<li><b>Van kauci\u00f3?<\/b><br \/>\nIgen, kuty\u00e1val \u00e9rkez\u0151 vend\u00e9gekn\u00e9l 50 000 Ft \/ foglal\u00e1s visszat\u00e9r\u00edtend\u0151 kauci\u00f3 fizetend\u0151.<\/li>\n<li><b>Mit kell megadnom foglal\u00e1skor?<\/b><br \/>\nA Megjegyz\u00e9s mez\u0151ben: kutya fajt\u00e1ja\/kever\u00e9k \u00e9s tests\u00falya (kg).<\/li>\n<li><b>Hozzunk fekhelyet?<\/b><br \/>\nIgen, k\u00e9rj\u00fck hozzatok saj\u00e1t fekhelyet a kuty\u00e1nak.<\/li>\n<li><b>Hol tudjuk elhelyezni a kutya ut\u00e1n a \u201ccsomagot\u201d?<\/b><br \/>\nA kertben kijel\u00f6lt helyen van lehet\u0151s\u00e9g, biztos\u00edtunk kaki-zacsit \u00e9s kislap\u00e1tot.<\/li>\n<li><b>Are there animals in the area?<\/b><br \/>\nIgen, a k\u00f6rny\u00e9k tele van term\u00e9szeti csod\u00e1kkal! Gyakran lehet l\u00e1tni \u0151zeket, szarvasokat, vaddiszn\u00f3kat, r\u00f3k\u00e1kat,<br \/>\nvadnyulakat, borzokat, valamint ritka madarakat \u00e9s rovarokat is. Ha szerencs\u00e9d van, m\u00e9g z\u00f6ld gy\u00edk is el\u0151b\u00fajik a napf\u00e9nyben.<\/li>\n<li><b>Is smoking allowed?<\/b><br \/>\nA h\u00e1zban \u00e9s k\u00f6zvetlen k\u00f6zel\u00e9ben nem megengedett a doh\u00e1nyz\u00e1s, mert a sok fa \u00e9s bokor miatt fokozott a t\u0171zvesz\u00e9ly.<br \/>\nKialak\u00edtottunk azonban egy kijel\u00f6lt doh\u00e1nyz\u00f3helyet, ahol k\u00e9nyelmesen h\u00f3dolhatsz a szenved\u00e9lyednek, \u00e9s ott helyezheted el a csikkeket is.<br \/>\nK\u00f6sz\u00f6nj\u00fck, hogy ezzel is vigy\u00e1zol a term\u00e9szetre \u00e9s a t\u00f6bbi vend\u00e9g biztons\u00e1g\u00e1ra.<\/li>\n<li><b>Can friends visit during our stay?<\/b><br \/>\nA sz\u00e1ll\u00e1shely nyugodt \u00e9s biztons\u00e1gos k\u00f6rnyezet\u00e9nek meg\u0151rz\u00e9se \u00e9rdek\u00e9ben csak az el\u0151re bejelentett vend\u00e9geket tudjuk fogadni.<br \/>\nK\u00f6sz\u00f6nj\u00fck a meg\u00e9rt\u00e9st, \u00edgy mindenki sz\u00e1m\u00e1ra kellemes marad a pihen\u00e9s.<\/li>\n<\/ul>\n<p>\n<\/div><\/div><\/div><\/div>\n\t\t<\/div><\/div><\/div><\/div><\/div><\/div><\/div><script id=\"script-row-unique-0\" data-row=\"script-row-unique-0\" type=\"text\/javascript\" class=\"vc_controls\">UNCODE.initRow(document.getElementById(\"row-unique-0\"));<\/script><\/div><\/div><\/div>\n<\/div>","protected":false},"excerpt":{"rendered":"Gyakran ism\u00e9telt k\u00e9rd\u00e9sekMinden tov\u00e1bbi r\u00e9szlet, adat \u00e9s felt\u00e9tel az \u00c1SZF-ben tal\u00e1lhat\u00f3. Az \u00c1SZF el nem olvas\u00e1sa vagy figyelmen k\u00edv\u00fcl hagy\u00e1sa [...]","protected":false},"author":1,"featured_media":0,"parent":0,"menu_order":0,"comment_status":"closed","ping_status":"closed","template":"","meta":{"footnotes":""},"class_list":["post-161616","page","type-page","status-publish","hentry"],"yoast_head":"<!-- This site is optimized with the Yoast SEO plugin v27.3 - https:\/\/yoast.com\/product\/yoast-seo-wordpress\/ -->\n<title>Gyakran ism\u00e9telt k\u00e9rd\u00e9sek - Black Pine Cabin<\/title>\n<meta name=\"robots\" content=\"index, follow, max-snippet:-1, max-image-preview:large, max-video-preview:-1\" \/>\n<link rel=\"canonical\" href=\"https:\/\/blackpinecabin.hu\/en\/gyik\/\" \/>\n<meta property=\"og:locale\" content=\"en_US\" \/>\n<meta property=\"og:type\" content=\"article\" \/>\n<meta property=\"og:title\" content=\"Gyakran ism\u00e9telt k\u00e9rd\u00e9sek - Black Pine Cabin\" \/>\n<meta property=\"og:url\" content=\"https:\/\/blackpinecabin.hu\/en\/gyik\/\" \/>\n<meta property=\"og:site_name\" content=\"Black Pine Cabin\" \/>\n<meta property=\"article:publisher\" content=\"https:\/\/www.facebook.com\/blackpinecabinszentendre\" \/>\n<meta property=\"article:modified_time\" content=\"2026-03-05T19:47:00+00:00\" \/>\n<meta name=\"twitter:card\" content=\"summary_large_image\" \/>\n<meta name=\"twitter:label1\" content=\"Est. reading time\" \/>\n\t<meta name=\"twitter:data1\" content=\"6 minutes\" \/>\n<script type=\"application\/ld+json\" class=\"yoast-schema-graph\">{\"@context\":\"https:\\\/\\\/schema.org\",\"@graph\":[{\"@type\":\"WebPage\",\"@id\":\"https:\\\/\\\/blackpinecabin.hu\\\/gyik\\\/\",\"url\":\"https:\\\/\\\/blackpinecabin.hu\\\/gyik\\\/\",\"name\":\"Gyakran ism\u00e9telt k\u00e9rd\u00e9sek - Black Pine Cabin\",\"isPartOf\":{\"@id\":\"https:\\\/\\\/blackpinecabin.hu\\\/#website\"},\"datePublished\":\"2025-09-08T20:09:35+00:00\",\"dateModified\":\"2026-03-05T19:47:00+00:00\",\"breadcrumb\":{\"@id\":\"https:\\\/\\\/blackpinecabin.hu\\\/gyik\\\/#breadcrumb\"},\"inLanguage\":\"en-US\",\"potentialAction\":[{\"@type\":\"ReadAction\",\"target\":[\"https:\\\/\\\/blackpinecabin.hu\\\/gyik\\\/\"]}]},{\"@type\":\"BreadcrumbList\",\"@id\":\"https:\\\/\\\/blackpinecabin.hu\\\/gyik\\\/#breadcrumb\",\"itemListElement\":[{\"@type\":\"ListItem\",\"position\":1,\"name\":\"Kezd\u0151lap\",\"item\":\"https:\\\/\\\/blackpinecabin.hu\\\/\"},{\"@type\":\"ListItem\",\"position\":2,\"name\":\"Gyakran ism\u00e9telt k\u00e9rd\u00e9sek\"}]},{\"@type\":\"WebSite\",\"@id\":\"https:\\\/\\\/blackpinecabin.hu\\\/#website\",\"url\":\"https:\\\/\\\/blackpinecabin.hu\\\/\",\"name\":\"Black Pine Cabin\",\"description\":\"A Pilis l\u00e1b\u00e1n\u00e1l a term\u00e9szet \u00f6lel\u00e9s\u00e9ben sz\u00fcletett a Black Pine Cabin, ahol a csend, nyugalom \u00e9s harm\u00f3nia tal\u00e1lkozik a modern, otthonos hangulattal. Ide\u00e1lis p\u00e1roknak, csal\u00e1doknak, akik felt\u00f6lt\u0151d\u00e9sre v\u00e1gynak.\",\"publisher\":{\"@id\":\"https:\\\/\\\/blackpinecabin.hu\\\/#organization\"},\"potentialAction\":[{\"@type\":\"SearchAction\",\"target\":{\"@type\":\"EntryPoint\",\"urlTemplate\":\"https:\\\/\\\/blackpinecabin.hu\\\/?s={search_term_string}\"},\"query-input\":{\"@type\":\"PropertyValueSpecification\",\"valueRequired\":true,\"valueName\":\"search_term_string\"}}],\"inLanguage\":\"en-US\"},{\"@type\":\"Organization\",\"@id\":\"https:\\\/\\\/blackpinecabin.hu\\\/#organization\",\"name\":\"Black Pine Cabin\",\"url\":\"https:\\\/\\\/blackpinecabin.hu\\\/\",\"logo\":{\"@type\":\"ImageObject\",\"inLanguage\":\"en-US\",\"@id\":\"https:\\\/\\\/blackpinecabin.hu\\\/#\\\/schema\\\/logo\\\/image\\\/\",\"url\":\"https:\\\/\\\/i0.wp.com\\\/blackpinecabin.hu\\\/wp-content\\\/uploads\\\/2025\\\/09\\\/cropped-Black-Pine-PNG-2-1.png?fit=512%2C512&ssl=1\",\"contentUrl\":\"https:\\\/\\\/i0.wp.com\\\/blackpinecabin.hu\\\/wp-content\\\/uploads\\\/2025\\\/09\\\/cropped-Black-Pine-PNG-2-1.png?fit=512%2C512&ssl=1\",\"width\":512,\"height\":512,\"caption\":\"Black Pine Cabin\"},\"image\":{\"@id\":\"https:\\\/\\\/blackpinecabin.hu\\\/#\\\/schema\\\/logo\\\/image\\\/\"},\"sameAs\":[\"https:\\\/\\\/www.facebook.com\\\/blackpinecabinszentendre\",\"https:\\\/\\\/www.instagram.com\\\/blackpinecabinszentendre\\\/\"]}]}<\/script>\n<!-- \/ Yoast SEO plugin. -->","yoast_head_json":{"title":"Gyakran ism\u00e9telt k\u00e9rd\u00e9sek - Black Pine Cabin","robots":{"index":"index","follow":"follow","max-snippet":"max-snippet:-1","max-image-preview":"max-image-preview:large","max-video-preview":"max-video-preview:-1"},"canonical":"https:\/\/blackpinecabin.hu\/en\/gyik\/","og_locale":"en_US","og_type":"article","og_title":"Gyakran ism\u00e9telt k\u00e9rd\u00e9sek - Black Pine Cabin","og_url":"https:\/\/blackpinecabin.hu\/en\/gyik\/","og_site_name":"Black Pine Cabin","article_publisher":"https:\/\/www.facebook.com\/blackpinecabinszentendre","article_modified_time":"2026-03-05T19:47:00+00:00","twitter_card":"summary_large_image","twitter_misc":{"Est. reading time":"6 minutes"},"schema":{"@context":"https:\/\/schema.org","@graph":[{"@type":"WebPage","@id":"https:\/\/blackpinecabin.hu\/gyik\/","url":"https:\/\/blackpinecabin.hu\/gyik\/","name":"Gyakran ism\u00e9telt k\u00e9rd\u00e9sek - Black Pine Cabin","isPartOf":{"@id":"https:\/\/blackpinecabin.hu\/#website"},"datePublished":"2025-09-08T20:09:35+00:00","dateModified":"2026-03-05T19:47:00+00:00","breadcrumb":{"@id":"https:\/\/blackpinecabin.hu\/gyik\/#breadcrumb"},"inLanguage":"en-US","potentialAction":[{"@type":"ReadAction","target":["https:\/\/blackpinecabin.hu\/gyik\/"]}]},{"@type":"BreadcrumbList","@id":"https:\/\/blackpinecabin.hu\/gyik\/#breadcrumb","itemListElement":[{"@type":"ListItem","position":1,"name":"Kezd\u0151lap","item":"https:\/\/blackpinecabin.hu\/"},{"@type":"ListItem","position":2,"name":"Gyakran ism\u00e9telt k\u00e9rd\u00e9sek"}]},{"@type":"WebSite","@id":"https:\/\/blackpinecabin.hu\/#website","url":"https:\/\/blackpinecabin.hu\/","name":"Black Pine Cabin","description":"A Pilis l\u00e1b\u00e1n\u00e1l a term\u00e9szet \u00f6lel\u00e9s\u00e9ben sz\u00fcletett a Black Pine Cabin, ahol a csend, nyugalom \u00e9s harm\u00f3nia tal\u00e1lkozik a modern, otthonos hangulattal. Ide\u00e1lis p\u00e1roknak, csal\u00e1doknak, akik felt\u00f6lt\u0151d\u00e9sre v\u00e1gynak.","publisher":{"@id":"https:\/\/blackpinecabin.hu\/#organization"},"potentialAction":[{"@type":"SearchAction","target":{"@type":"EntryPoint","urlTemplate":"https:\/\/blackpinecabin.hu\/?s={search_term_string}"},"query-input":{"@type":"PropertyValueSpecification","valueRequired":true,"valueName":"search_term_string"}}],"inLanguage":"en-US"},{"@type":"Organization","@id":"https:\/\/blackpinecabin.hu\/#organization","name":"Black Pine Cabin","url":"https:\/\/blackpinecabin.hu\/","logo":{"@type":"ImageObject","inLanguage":"en-US","@id":"https:\/\/blackpinecabin.hu\/#\/schema\/logo\/image\/","url":"https:\/\/i0.wp.com\/blackpinecabin.hu\/wp-content\/uploads\/2025\/09\/cropped-Black-Pine-PNG-2-1.png?fit=512%2C512&ssl=1","contentUrl":"https:\/\/i0.wp.com\/blackpinecabin.hu\/wp-content\/uploads\/2025\/09\/cropped-Black-Pine-PNG-2-1.png?fit=512%2C512&ssl=1","width":512,"height":512,"caption":"Black Pine Cabin"},"image":{"@id":"https:\/\/blackpinecabin.hu\/#\/schema\/logo\/image\/"},"sameAs":["https:\/\/www.facebook.com\/blackpinecabinszentendre","https:\/\/www.instagram.com\/blackpinecabinszentendre\/"]}]}},"jetpack_sharing_enabled":true,"_links":{"self":[{"href":"https:\/\/blackpinecabin.hu\/en\/wp-json\/wp\/v2\/pages\/161616","targetHints":{"allow":["GET"]}}],"collection":[{"href":"https:\/\/blackpinecabin.hu\/en\/wp-json\/wp\/v2\/pages"}],"about":[{"href":"https:\/\/blackpinecabin.hu\/en\/wp-json\/wp\/v2\/types\/page"}],"author":[{"embeddable":true,"href":"https:\/\/blackpinecabin.hu\/en\/wp-json\/wp\/v2\/users\/1"}],"replies":[{"embeddable":true,"href":"https:\/\/blackpinecabin.hu\/en\/wp-json\/wp\/v2\/comments?post=161616"}],"version-history":[{"count":28,"href":"https:\/\/blackpinecabin.hu\/en\/wp-json\/wp\/v2\/pages\/161616\/revisions"}],"predecessor-version":[{"id":162339,"href":"https:\/\/blackpinecabin.hu\/en\/wp-json\/wp\/v2\/pages\/161616\/revisions\/162339"}],"wp:attachment":[{"href":"https:\/\/blackpinecabin.hu\/en\/wp-json\/wp\/v2\/media?parent=161616"}],"curies":[{"name":"wp","href":"https:\/\/api.w.org\/{rel}","templated":true}]}}