{"id":162109,"date":"2025-12-30T06:53:20","date_gmt":"2025-12-30T06:53:20","guid":{"rendered":"https:\/\/blackpinecabin.hu\/?page_id=162109"},"modified":"2026-03-16T03:45:58","modified_gmt":"2026-03-16T03:45:58","slug":"e-bike-berles","status":"publish","type":"page","link":"https:\/\/blackpinecabin.hu\/en\/e-bike-berles\/","title":{"rendered":"E-BIKE b\u00e9rl\u00e9s"},"content":{"rendered":"<div class=\"wpb-content-wrapper\"><div data-parent=\"true\" class=\"vc_row has-bg need-focus style-accent-bg row-container onepage-section\" data-label=\"Welcome\" data-name=\"welcome\" id=\"row-unique-0\"><div class=\"row-background background-element\">\n\t\t\t\t\t\t\t\t\t\t\t<div class=\"background-wrapper\">\n\t\t\t\t\t\t\t\t\t\t\t\t<div class=\"background-inner\" style=\"background-image: url(https:\/\/blackpinecabin.hu\/wp-content\/uploads\/2026\/03\/Bringak.jpeg);background-repeat: no-repeat;background-position: center center;background-attachment: scroll;background-size: cover;\"><\/div>\n\t\t\t\t\t\t\t\t\t\t\t\t<div class=\"block-bg-overlay style-color-jevc-bg\" style=\"opacity: 0.5;\"><\/div>\n\t\t\t\t\t\t\t\t\t\t\t<\/div>\n\t\t\t\t\t\t\t\t\t\t<\/div><div class=\"row unequal col-no-gutter limit-width row-parent\" data-height-ratio=\"full\"><div class=\"wpb_row row-inner\"><div class=\"wpb_column pos-middle pos-center align_center column_parent col-lg-12 single-internal-gutter\"><div class=\"uncol style-spec style-dark\"  ><div class=\"uncoltable\"><div class=\"uncell no-block-padding\" ><div class=\"uncont\" ><div class=\"vc_row row-internal row-container\"><div class=\"row row-child\"><div class=\"wpb_row row-inner\"><div class=\"wpb_column pos-middle pos-center align_center column_child col-lg-12 single-internal-gutter\"><div class=\"uncol style-spec style-dark\" ><div class=\"uncoltable\"><div class=\"uncell no-block-padding\" ><div class=\"uncont\" ><div class=\"vc_custom_heading_wrap\"><div class=\"heading-text el-text top-t-bottom animate_when_almost_visible\" data-delay=\"200\"><h1 class=\"fontsize-445851\" ><span>E-bike Explorer Pack<\/span><\/h1><\/div><div class=\"clear\"><\/div><\/div><div class=\"vc_custom_heading_wrap\"><div class=\"heading-text el-text top-t-bottom animate_when_almost_visible\" data-delay=\"200\"><h4 class=\"h4\" ><span>Premium SUV e-bike rental option for our guests.<\/p><\/span><span><p><strong data-start=\"758\" data-end=\"824\">E-bike Spring Kickoff \u2013 introductory offer (limited to 10 bookings)<\/strong><br data-start=\"824\" data-end=\"827\">The offer <strong data-start=\"841\" data-end=\"916\">applies to the first 10 bookings received and confirmed between March 1\u201331, 2026.<\/strong> \u00e9rv\u00e9nyes, <strong data-start=\"927\" data-end=\"969\">a tart\u00f3zkod\u00e1s id\u0151pontj\u00e1t\u00f3l f\u00fcggetlen\u00fcl<\/strong>.<br data-start=\"970\" data-end=\"973\">2 nights = 1 free day \u2022 3+ nights = 2 free days<br data-start=\"1041\" data-end=\"1044\"><strong data-start=\"1044\" data-end=\"1075\">Code to include in the comments: EBIKE10<\/strong><\/span><\/h4><\/div><div class=\"clear\"><\/div><\/div><span class=\"btn-container\" ><a role=\"button\"  href=\"https:\/\/blackpinecabin.hu\/en\/foglalas\/\" class=\"custom-link btn border-width-0 btn-default btn-icon-left\" title=\"Foglal\u00e1s\">BOOKING<\/a><\/span><\/div><\/div><\/div><\/div><\/div><\/div><\/div><\/div><\/div><\/div><\/div><\/div><\/div><script id=\"script-row-unique-0\" data-row=\"script-row-unique-0\" type=\"text\/javascript\" class=\"vc_controls\">UNCODE.initRow(document.getElementById(\"row-unique-0\"));<\/script><\/div><\/div><\/div><div data-parent=\"true\" class=\"vc_row has-bg need-focus style-color-wayh-bg row-container\" id=\"row-unique-1\"><div class=\"row unequal col-no-gutter no-top-padding no-bottom-padding no-h-padding full-width row-parent\"><div class=\"wpb_row row-inner\"><div class=\"wpb_column pos-top pos-center align_left column_parent col-lg-6 single-internal-gutter\"><div class=\"uncol style-light\"  ><div class=\"uncoltable\" style=\"min-height: 340px;\"><div class=\"uncell single-block-padding\" ><div class=\"column-background background-element\">\n\t\t\t\t\t\t\t\t\t\t\t<div class=\"background-wrapper\">\n\t\t\t\t\t\t\t\t\t\t\t\t<div class=\"background-inner\" style=\"background-image: url(https:\/\/blackpinecabin.hu\/wp-content\/uploads\/2026\/03\/IMG_5768-1.jpeg);background-repeat: no-repeat;background-position: center center;background-size: cover;\" data-o_src=\"https:\/\/blackpinecabin.hu\/wp-content\/uploads\/2026\/03\/IMG_5768-1.jpeg\"><\/div>\n\t\t\t\t\t\t\t\t\t\t\t\t\n\t\t\t\t\t\t\t\t\t\t\t<\/div>\n\t\t\t\t\t\t\t\t\t\t<\/div><div class=\"uncont\" ><\/div><\/div><\/div><\/div><\/div><div class=\"wpb_column pos-top pos-center align_left column_parent col-lg-6 single-internal-gutter\"><div class=\"uncol style-spec style-dark\"  ><div class=\"uncoltable\"><div class=\"uncell quad-block-padding\" ><div class=\"uncont\" style=\" max-width:528px;\" ><div class=\"uncode_text_column text-lead\" ><p>If you\u2019re staying at Black Pine Cabin, you can also request two premium SUV e-bikes to explore the area: Hercules NOS SUV, 85 Nm motor, 630 Wh battery (approx. 50\u201370 km range).\nThey\u2019re a perfect match for the local terrain around Szentendre (Boldogtanya), including steeper climbs of up to 12%. You can comfortably roll down to the town centre or the Danube, or ride some of the Danube Bend\u2019s favourite routes \u2014 without having to transport your own bikes.<\/p>\n<p>This isn\u2019t a typical \u201crental shop\u201d setup \u2014 it\u2019s a convenient, all-in exploration package. You\u2019ll have access to the bikes and the essential gear, so your time at Black Pine Cabin can truly be about freedom and slowing down \u2014 not logistics.<\/p>\n<\/div><div class=\"empty-space empty-half\" ><span class=\"empty-space-inner\"><\/span><\/div>\n<\/div><\/div><\/div><\/div><\/div><script id=\"script-row-unique-1\" data-row=\"script-row-unique-1\" type=\"text\/javascript\" class=\"vc_controls\">UNCODE.initRow(document.getElementById(\"row-unique-1\"));<\/script><\/div><\/div><\/div><div data-parent=\"true\" class=\"vc_row inverted-device-order has-bg need-focus style-color-wayh-bg row-container\" id=\"row-unique-2\"><div class=\"row unequal col-no-gutter no-top-padding no-bottom-padding no-h-padding full-width row-parent\"><div class=\"wpb_row row-inner\"><div class=\"wpb_column pos-top pos-center align_left column_parent col-lg-6 single-internal-gutter\"><div class=\"uncol style-spec style-dark\"  ><div class=\"uncoltable\"><div class=\"uncell quad-block-padding\" ><div class=\"uncont\" style=\" max-width:528px;\" ><div class=\"vc_custom_heading_wrap\"><div class=\"heading-text el-text\" ><h3 class=\"h3\" ><span>What\u2019s included in the package?<\/span><\/h3><\/div><div class=\"clear\"><\/div><\/div><div class=\"uncode_text_column text-lead\" ><p><strong>2 premium SUV e-bikes (Hercules NOS SUV 2.3) + an Explorer Kit for each bike: <\/strong>2\u20132 db csomagtart\u00f3 t\u00e1ska, lakat, mini pumpa, defektjav\u00edt\u00f3 k\u00e9szlet, mini szersz\u00e1mk\u00e9szlet, l\u00e1mpa. <strong>N\u0151i alacsony \u00e1tl\u00e9p\u00e9s\u0171 v\u00e1z 162-176cm magass\u00e1gig, f\u00e9rfi norm\u00e1l v\u00e1z 174-185cm magass\u00e1gig aj\u00e1nlott.<\/strong><\/p>\n<p><strong>Storage &amp; charging \u2014 safe and simple: the<\/strong> bring\u00e1k helye a vend\u00e9gh\u00e1zn\u00e1l kialak\u00edtott, z\u00e1rhat\u00f3 t\u00e1rol\u00f3ban van, t\u00f6lt\u00e9si lehet\u0151s\u00e9ggel. A t\u00e1rol\u00f3 k\u00edv\u00fcl \u00e9s bel\u00fcl kamer\u00e1val v\u00e9dett, a ker\u00e9kp\u00e1rok pedig lop\u00e1s elleni nyomk\u00f6vet\u00e9ssel is fel vannak szerelve.<br \/>\nK\u00e9rj\u00fck, hogy mindig itt t\u00e1rolj\u00e1tok \u0151ket \u00e9s itt t\u00f6lts\u00e9tek \u2013 \u00edgy mindenkinek nyugodt \u00e9s kisz\u00e1m\u00edthat\u00f3 az \u00e9lm\u00e9ny.<\/p>\n<\/div><div class=\"empty-space empty-half\" ><span class=\"empty-space-inner\"><\/span><\/div>\n<\/div><\/div><\/div><\/div><\/div><div class=\"wpb_column pos-top pos-center align_left column_parent col-lg-6 single-internal-gutter\"><div class=\"uncol style-light\"  ><div class=\"uncoltable\" style=\"min-height: 340px;\"><div class=\"uncell single-block-padding\" ><div class=\"column-background background-element\">\n\t\t\t\t\t\t\t\t\t\t\t<div class=\"background-wrapper\">\n\t\t\t\t\t\t\t\t\t\t\t\t<div class=\"background-inner\" style=\"background-image: url(https:\/\/blackpinecabin.hu\/wp-content\/uploads\/2026\/03\/IMG_5775.jpeg);background-repeat: no-repeat;background-position: center center;background-size: cover;\" data-o_src=\"https:\/\/blackpinecabin.hu\/wp-content\/uploads\/2026\/03\/IMG_5775.jpeg\"><\/div>\n\t\t\t\t\t\t\t\t\t\t\t\t\n\t\t\t\t\t\t\t\t\t\t\t<\/div>\n\t\t\t\t\t\t\t\t\t\t<\/div><div class=\"uncont\" ><\/div><\/div><\/div><\/div><\/div><script id=\"script-row-unique-2\" data-row=\"script-row-unique-2\" type=\"text\/javascript\" class=\"vc_controls\">UNCODE.initRow(document.getElementById(\"row-unique-2\"));<\/script><\/div><\/div><\/div><div data-parent=\"true\" class=\"vc_row has-bg need-focus style-color-wayh-bg row-container\" id=\"row-unique-3\"><div class=\"row unequal col-no-gutter no-top-padding no-bottom-padding no-h-padding full-width row-parent\"><div class=\"wpb_row row-inner\"><div class=\"wpb_column pos-top pos-center align_left column_parent col-lg-6 single-internal-gutter\"><div class=\"uncol style-light\"  ><div class=\"uncoltable\" style=\"min-height: 340px;\"><div class=\"uncell single-block-padding\" ><div class=\"column-background background-element\">\n\t\t\t\t\t\t\t\t\t\t\t<div class=\"background-wrapper\">\n\t\t\t\t\t\t\t\t\t\t\t\t<div class=\"background-inner\" style=\"background-image: url(https:\/\/blackpinecabin.hu\/wp-content\/uploads\/2026\/03\/IMG_5773.jpeg);background-repeat: no-repeat;background-position: center center;background-size: cover;\" data-o_src=\"https:\/\/blackpinecabin.hu\/wp-content\/uploads\/2026\/03\/IMG_5773.jpeg\"><\/div>\n\t\t\t\t\t\t\t\t\t\t\t\t\n\t\t\t\t\t\t\t\t\t\t\t<\/div>\n\t\t\t\t\t\t\t\t\t\t<\/div><div class=\"uncont\" ><\/div><\/div><\/div><\/div><\/div><div class=\"wpb_column pos-top pos-center align_left column_parent col-lg-6 single-internal-gutter\"><div class=\"uncol style-spec style-dark\"  ><div class=\"uncoltable\"><div class=\"uncell quad-block-padding\" ><div class=\"uncont\" style=\" max-width:528px;\" ><div class=\"vc_custom_heading_wrap\"><div class=\"heading-text el-text\" ><h3 class=\"h3\" ><span>Pricing (2 E-BIKES + Explorer Kit)<\/span><\/h3><\/div><div class=\"clear\"><\/div><\/div><div class=\"uncode_text_column text-lead\" ><p>Az \u00e1rak 2db ker\u00e9kp\u00e1rra egy\u00fctt \u00e9rtend\u0151k.<\/p>\n<ul>\n<li>1 nap: 30 000 Ft<\/li>\n<li>2 nap: 50 000 Ft<\/li>\n<li>3 nap: 60 000 Ft<\/li>\n<li>1 h\u00e9t: 80 000 Ft<\/li>\n<\/ul>\n<p>Kauci\u00f3: 50 000 Ft \/ 2 ker\u00e9kp\u00e1r (a sz\u00e1ll\u00e1s elhagy\u00e1sakor\/visszaad\u00e1skor \u2013 \u00e1llapotellen\u0151rz\u00e9s ut\u00e1n \u2013 azonnal visszaj\u00e1r.)<\/p>\n<\/div><div class=\"empty-space empty-half\" ><span class=\"empty-space-inner\"><\/span><\/div>\n<\/div><\/div><\/div><\/div><\/div><script id=\"script-row-unique-3\" data-row=\"script-row-unique-3\" type=\"text\/javascript\" class=\"vc_controls\">UNCODE.initRow(document.getElementById(\"row-unique-3\"));<\/script><\/div><\/div><\/div><div data-parent=\"true\" class=\"vc_row inverted-device-order has-bg need-focus style-color-wayh-bg row-container\" id=\"row-unique-4\"><div class=\"row unequal col-no-gutter no-top-padding no-bottom-padding no-h-padding full-width row-parent\"><div class=\"wpb_row row-inner\"><div class=\"wpb_column pos-top pos-center align_left column_parent col-lg-6 single-internal-gutter\"><div class=\"uncol style-spec style-dark\"  ><div class=\"uncoltable\"><div class=\"uncell quad-block-padding\" ><div class=\"uncont\" style=\" max-width:528px;\" ><div class=\"vc_custom_heading_wrap\"><div class=\"heading-text el-text\" ><h3 class=\"h3\" ><span>How does it work?<\/span><\/h3><\/div><div class=\"clear\"><\/div><\/div><div class=\"uncode_text_column text-lead\" ><\/p>\n<ul>\n<li>The E-bike Explorer Pack is available only to registered guests staying with us.<\/li>\n<li><strong>You can sign up until the day before arrival, once the weather forecast is clearer and you know your plans. When booking your stay, it\u2019s enough to simply note your E-BIKE request in the comments field in advance.<\/strong><\/li>\n<li>Pick-up: after check-in (with a quick 1-minute usage briefing).<\/li>\n<li>Return: before check-out.<\/li>\n<li>We don\u2019t charge by the hour \u2014 you can use them flexibly throughout your booking period.<\/li>\n<li>The accessories (bags, lock, pump, puncture repair kit, multi-tool, and light) are provided together with the bikes.<\/li>\n<\/ul>\n<p>\n<\/div><div class=\"empty-space empty-half\" ><span class=\"empty-space-inner\"><\/span><\/div>\n<\/div><\/div><\/div><\/div><\/div><div class=\"wpb_column pos-top pos-center align_left column_parent col-lg-6 single-internal-gutter\"><div class=\"uncol style-light\"  ><div class=\"uncoltable\" style=\"min-height: 340px;\"><div class=\"uncell single-block-padding\" ><div class=\"column-background background-element\">\n\t\t\t\t\t\t\t\t\t\t\t<div class=\"background-wrapper\">\n\t\t\t\t\t\t\t\t\t\t\t\t<div class=\"background-inner\" style=\"background-image: url(https:\/\/blackpinecabin.hu\/wp-content\/uploads\/2026\/03\/IMG_5771.jpeg);background-repeat: no-repeat;background-position: center center;background-size: cover;\" data-o_src=\"https:\/\/blackpinecabin.hu\/wp-content\/uploads\/2026\/03\/IMG_5771.jpeg\"><\/div>\n\t\t\t\t\t\t\t\t\t\t\t\t\n\t\t\t\t\t\t\t\t\t\t\t<\/div>\n\t\t\t\t\t\t\t\t\t\t<\/div><div class=\"uncont\" ><\/div><\/div><\/div><\/div><\/div><script id=\"script-row-unique-4\" data-row=\"script-row-unique-4\" type=\"text\/javascript\" class=\"vc_controls\">UNCODE.initRow(document.getElementById(\"row-unique-4\"));<\/script><\/div><\/div><\/div><div data-parent=\"true\" class=\"vc_row has-bg need-focus style-color-wayh-bg row-container\" id=\"row-unique-5\"><div class=\"row unequal col-no-gutter no-top-padding no-bottom-padding no-h-padding full-width row-parent\"><div class=\"wpb_row row-inner\"><div class=\"wpb_column pos-top pos-center align_left column_parent col-lg-6 single-internal-gutter\"><div class=\"uncol style-light\"  ><div class=\"uncoltable\" style=\"min-height: 340px;\"><div class=\"uncell single-block-padding\" ><div class=\"column-background background-element\">\n\t\t\t\t\t\t\t\t\t\t\t<div class=\"background-wrapper\">\n\t\t\t\t\t\t\t\t\t\t\t\t<div class=\"background-inner\" style=\"background-image: url(https:\/\/blackpinecabin.hu\/wp-content\/uploads\/2026\/03\/IMG_5767-1.jpeg);background-repeat: no-repeat;background-position: center center;background-size: cover;\" data-o_src=\"https:\/\/blackpinecabin.hu\/wp-content\/uploads\/2026\/03\/IMG_5767-1.jpeg\"><\/div>\n\t\t\t\t\t\t\t\t\t\t\t\t\n\t\t\t\t\t\t\t\t\t\t\t<\/div>\n\t\t\t\t\t\t\t\t\t\t<\/div><div class=\"uncont\" ><\/div><\/div><\/div><\/div><\/div><div class=\"wpb_column pos-top pos-center align_left column_parent col-lg-6 single-internal-gutter\"><div class=\"uncol style-spec style-dark\"  ><div class=\"uncoltable\"><div class=\"uncell quad-block-padding\" ><div class=\"uncont\" style=\" max-width:528px;\" ><div class=\"vc_custom_heading_wrap\"><div class=\"heading-text el-text\" ><h3 class=\"h3\" ><span>Terms of use (short &amp; clear)<\/span><\/h3><\/div><div class=\"clear\"><\/div><\/div><div class=\"uncode_text_column text-lead\" ><p><strong>Along with the flexibility, we ask you to follow a few basic rules \u2014 this is how we keep the bikes in premium condition.<\/strong><\/p>\n<ol>\n<li>Locking the bike is required at every stop (we provide a lock).<\/li>\n<li>Overnight, the bikes must stay on the guesthouse property (please don\u2019t leave them in town).<\/li>\n<li>Please store and charge the bikes in the locked storage unit.<\/li>\n<li>Intended use only: touring, city rides, bike paths, and gravel\/dirt roads are all fine \u2014 but no extreme terrain, jumping, or downhill-style riding.<\/li>\n<li>After heavy muddy use, we may charge a cleaning fee so the next guest receives the bikes in perfect condition.<\/li>\n<li>In case of damage or theft, the renter is responsible for the actual cost of repair or replacement if it results from improper use.<\/li>\n<\/ol>\n<p><strong>If something comes up during your ride<\/strong><\/p>\n<p>If you get a flat or run into a technical issue, please send us a photo and a short description of the problem, and we\u2019ll help you find the quickest solution. The bag includes a pump, puncture repair kit, and tools, so minor issues won\u2019t ruin your day.<\/p>\n<\/div><div class=\"empty-space empty-half\" ><span class=\"empty-space-inner\"><\/span><\/div>\n<\/div><\/div><\/div><\/div><\/div><script id=\"script-row-unique-5\" data-row=\"script-row-unique-5\" type=\"text\/javascript\" class=\"vc_controls\">UNCODE.initRow(document.getElementById(\"row-unique-5\"));<\/script><\/div><\/div><\/div>\n<\/div>","protected":false},"excerpt":{"rendered":"E-bike Explorer PackPr\u00e9mium SUV e-bike b\u00e9rl\u00e9si lehet\u0151s\u00e9g vend\u00e9geinknek.E-bike Tavaszind\u00edt\u00f3 \u2013 bevezet\u0151 aj\u00e1nlat (limit\u00e1lt: 10 foglal\u00e1s)Az aj\u00e1nlat az els\u0151 10db, 2026. [...]","protected":false},"author":1,"featured_media":0,"parent":0,"menu_order":0,"comment_status":"closed","ping_status":"closed","template":"","meta":{"footnotes":""},"class_list":["post-162109","page","type-page","status-publish","hentry"],"yoast_head":"<!-- This site is optimized with the Yoast SEO plugin v27.3 - https:\/\/yoast.com\/product\/yoast-seo-wordpress\/ -->\n<title>E-BIKE b\u00e9rl\u00e9s - Black Pine Cabin<\/title>\n<meta name=\"robots\" content=\"index, follow, max-snippet:-1, max-image-preview:large, max-video-preview:-1\" \/>\n<link rel=\"canonical\" href=\"https:\/\/blackpinecabin.hu\/en\/e-bike-berles\/\" \/>\n<meta property=\"og:locale\" content=\"en_US\" \/>\n<meta property=\"og:type\" content=\"article\" \/>\n<meta property=\"og:title\" content=\"E-BIKE b\u00e9rl\u00e9s - Black Pine Cabin\" \/>\n<meta property=\"og:url\" content=\"https:\/\/blackpinecabin.hu\/en\/e-bike-berles\/\" \/>\n<meta property=\"og:site_name\" content=\"Black Pine Cabin\" \/>\n<meta property=\"article:publisher\" content=\"https:\/\/www.facebook.com\/blackpinecabinszentendre\" \/>\n<meta property=\"article:modified_time\" content=\"2026-03-16T03:45:58+00:00\" \/>\n<meta name=\"twitter:card\" content=\"summary_large_image\" \/>\n<meta name=\"twitter:label1\" content=\"Est. reading time\" \/>\n\t<meta name=\"twitter:data1\" content=\"4 minutes\" \/>\n<script type=\"application\/ld+json\" class=\"yoast-schema-graph\">{\"@context\":\"https:\\\/\\\/schema.org\",\"@graph\":[{\"@type\":\"WebPage\",\"@id\":\"https:\\\/\\\/blackpinecabin.hu\\\/e-bike-berles\\\/\",\"url\":\"https:\\\/\\\/blackpinecabin.hu\\\/e-bike-berles\\\/\",\"name\":\"E-BIKE b\u00e9rl\u00e9s - Black Pine Cabin\",\"isPartOf\":{\"@id\":\"https:\\\/\\\/blackpinecabin.hu\\\/#website\"},\"datePublished\":\"2025-12-30T06:53:20+00:00\",\"dateModified\":\"2026-03-16T03:45:58+00:00\",\"breadcrumb\":{\"@id\":\"https:\\\/\\\/blackpinecabin.hu\\\/e-bike-berles\\\/#breadcrumb\"},\"inLanguage\":\"en-US\",\"potentialAction\":[{\"@type\":\"ReadAction\",\"target\":[\"https:\\\/\\\/blackpinecabin.hu\\\/e-bike-berles\\\/\"]}]},{\"@type\":\"BreadcrumbList\",\"@id\":\"https:\\\/\\\/blackpinecabin.hu\\\/e-bike-berles\\\/#breadcrumb\",\"itemListElement\":[{\"@type\":\"ListItem\",\"position\":1,\"name\":\"Kezd\u0151lap\",\"item\":\"https:\\\/\\\/blackpinecabin.hu\\\/\"},{\"@type\":\"ListItem\",\"position\":2,\"name\":\"E-BIKE b\u00e9rl\u00e9s\"}]},{\"@type\":\"WebSite\",\"@id\":\"https:\\\/\\\/blackpinecabin.hu\\\/#website\",\"url\":\"https:\\\/\\\/blackpinecabin.hu\\\/\",\"name\":\"Black Pine Cabin\",\"description\":\"A Pilis l\u00e1b\u00e1n\u00e1l a term\u00e9szet \u00f6lel\u00e9s\u00e9ben sz\u00fcletett a Black Pine Cabin, ahol a csend, nyugalom \u00e9s harm\u00f3nia tal\u00e1lkozik a modern, otthonos hangulattal. Ide\u00e1lis p\u00e1roknak, csal\u00e1doknak, akik felt\u00f6lt\u0151d\u00e9sre v\u00e1gynak.\",\"publisher\":{\"@id\":\"https:\\\/\\\/blackpinecabin.hu\\\/#organization\"},\"potentialAction\":[{\"@type\":\"SearchAction\",\"target\":{\"@type\":\"EntryPoint\",\"urlTemplate\":\"https:\\\/\\\/blackpinecabin.hu\\\/?s={search_term_string}\"},\"query-input\":{\"@type\":\"PropertyValueSpecification\",\"valueRequired\":true,\"valueName\":\"search_term_string\"}}],\"inLanguage\":\"en-US\"},{\"@type\":\"Organization\",\"@id\":\"https:\\\/\\\/blackpinecabin.hu\\\/#organization\",\"name\":\"Black Pine Cabin\",\"url\":\"https:\\\/\\\/blackpinecabin.hu\\\/\",\"logo\":{\"@type\":\"ImageObject\",\"inLanguage\":\"en-US\",\"@id\":\"https:\\\/\\\/blackpinecabin.hu\\\/#\\\/schema\\\/logo\\\/image\\\/\",\"url\":\"https:\\\/\\\/i0.wp.com\\\/blackpinecabin.hu\\\/wp-content\\\/uploads\\\/2025\\\/09\\\/cropped-Black-Pine-PNG-2-1.png?fit=512%2C512&ssl=1\",\"contentUrl\":\"https:\\\/\\\/i0.wp.com\\\/blackpinecabin.hu\\\/wp-content\\\/uploads\\\/2025\\\/09\\\/cropped-Black-Pine-PNG-2-1.png?fit=512%2C512&ssl=1\",\"width\":512,\"height\":512,\"caption\":\"Black Pine Cabin\"},\"image\":{\"@id\":\"https:\\\/\\\/blackpinecabin.hu\\\/#\\\/schema\\\/logo\\\/image\\\/\"},\"sameAs\":[\"https:\\\/\\\/www.facebook.com\\\/blackpinecabinszentendre\",\"https:\\\/\\\/www.instagram.com\\\/blackpinecabinszentendre\\\/\"]}]}<\/script>\n<!-- \/ Yoast SEO plugin. -->","yoast_head_json":{"title":"E-BIKE b\u00e9rl\u00e9s - Black Pine Cabin","robots":{"index":"index","follow":"follow","max-snippet":"max-snippet:-1","max-image-preview":"max-image-preview:large","max-video-preview":"max-video-preview:-1"},"canonical":"https:\/\/blackpinecabin.hu\/en\/e-bike-berles\/","og_locale":"en_US","og_type":"article","og_title":"E-BIKE b\u00e9rl\u00e9s - Black Pine Cabin","og_url":"https:\/\/blackpinecabin.hu\/en\/e-bike-berles\/","og_site_name":"Black Pine Cabin","article_publisher":"https:\/\/www.facebook.com\/blackpinecabinszentendre","article_modified_time":"2026-03-16T03:45:58+00:00","twitter_card":"summary_large_image","twitter_misc":{"Est. reading time":"4 minutes"},"schema":{"@context":"https:\/\/schema.org","@graph":[{"@type":"WebPage","@id":"https:\/\/blackpinecabin.hu\/e-bike-berles\/","url":"https:\/\/blackpinecabin.hu\/e-bike-berles\/","name":"E-BIKE b\u00e9rl\u00e9s - Black Pine Cabin","isPartOf":{"@id":"https:\/\/blackpinecabin.hu\/#website"},"datePublished":"2025-12-30T06:53:20+00:00","dateModified":"2026-03-16T03:45:58+00:00","breadcrumb":{"@id":"https:\/\/blackpinecabin.hu\/e-bike-berles\/#breadcrumb"},"inLanguage":"en-US","potentialAction":[{"@type":"ReadAction","target":["https:\/\/blackpinecabin.hu\/e-bike-berles\/"]}]},{"@type":"BreadcrumbList","@id":"https:\/\/blackpinecabin.hu\/e-bike-berles\/#breadcrumb","itemListElement":[{"@type":"ListItem","position":1,"name":"Kezd\u0151lap","item":"https:\/\/blackpinecabin.hu\/"},{"@type":"ListItem","position":2,"name":"E-BIKE b\u00e9rl\u00e9s"}]},{"@type":"WebSite","@id":"https:\/\/blackpinecabin.hu\/#website","url":"https:\/\/blackpinecabin.hu\/","name":"Black Pine Cabin","description":"A Pilis l\u00e1b\u00e1n\u00e1l a term\u00e9szet \u00f6lel\u00e9s\u00e9ben sz\u00fcletett a Black Pine Cabin, ahol a csend, nyugalom \u00e9s harm\u00f3nia tal\u00e1lkozik a modern, otthonos hangulattal. Ide\u00e1lis p\u00e1roknak, csal\u00e1doknak, akik felt\u00f6lt\u0151d\u00e9sre v\u00e1gynak.","publisher":{"@id":"https:\/\/blackpinecabin.hu\/#organization"},"potentialAction":[{"@type":"SearchAction","target":{"@type":"EntryPoint","urlTemplate":"https:\/\/blackpinecabin.hu\/?s={search_term_string}"},"query-input":{"@type":"PropertyValueSpecification","valueRequired":true,"valueName":"search_term_string"}}],"inLanguage":"en-US"},{"@type":"Organization","@id":"https:\/\/blackpinecabin.hu\/#organization","name":"Black Pine Cabin","url":"https:\/\/blackpinecabin.hu\/","logo":{"@type":"ImageObject","inLanguage":"en-US","@id":"https:\/\/blackpinecabin.hu\/#\/schema\/logo\/image\/","url":"https:\/\/i0.wp.com\/blackpinecabin.hu\/wp-content\/uploads\/2025\/09\/cropped-Black-Pine-PNG-2-1.png?fit=512%2C512&ssl=1","contentUrl":"https:\/\/i0.wp.com\/blackpinecabin.hu\/wp-content\/uploads\/2025\/09\/cropped-Black-Pine-PNG-2-1.png?fit=512%2C512&ssl=1","width":512,"height":512,"caption":"Black Pine Cabin"},"image":{"@id":"https:\/\/blackpinecabin.hu\/#\/schema\/logo\/image\/"},"sameAs":["https:\/\/www.facebook.com\/blackpinecabinszentendre","https:\/\/www.instagram.com\/blackpinecabinszentendre\/"]}]}},"jetpack_sharing_enabled":true,"_links":{"self":[{"href":"https:\/\/blackpinecabin.hu\/en\/wp-json\/wp\/v2\/pages\/162109","targetHints":{"allow":["GET"]}}],"collection":[{"href":"https:\/\/blackpinecabin.hu\/en\/wp-json\/wp\/v2\/pages"}],"about":[{"href":"https:\/\/blackpinecabin.hu\/en\/wp-json\/wp\/v2\/types\/page"}],"author":[{"embeddable":true,"href":"https:\/\/blackpinecabin.hu\/en\/wp-json\/wp\/v2\/users\/1"}],"replies":[{"embeddable":true,"href":"https:\/\/blackpinecabin.hu\/en\/wp-json\/wp\/v2\/comments?post=162109"}],"version-history":[{"count":38,"href":"https:\/\/blackpinecabin.hu\/en\/wp-json\/wp\/v2\/pages\/162109\/revisions"}],"predecessor-version":[{"id":162359,"href":"https:\/\/blackpinecabin.hu\/en\/wp-json\/wp\/v2\/pages\/162109\/revisions\/162359"}],"wp:attachment":[{"href":"https:\/\/blackpinecabin.hu\/en\/wp-json\/wp\/v2\/media?parent=162109"}],"curies":[{"name":"wp","href":"https:\/\/api.w.org\/{rel}","templated":true}]}}