{"id":162228,"date":"2026-01-26T08:45:57","date_gmt":"2026-01-26T08:45:57","guid":{"rendered":"https:\/\/blackpinecabin.hu\/clients\/"},"modified":"2026-01-26T08:45:57","modified_gmt":"2026-01-26T08:45:57","slug":"clients","status":"publish","type":"page","link":"https:\/\/blackpinecabin.hu\/en\/clients\/","title":{"rendered":"Client Portal"},"content":{"rendered":"<div id=\"zbs-main\" class=\"alignwide zbs-site-main\">\n\t<div class=\"zbs-client-portal-wrap main site-main zbs-post zbs-hentry\">\n\n\t\t\t\t<div class=\"container zbs-portal-login\" style=\"margin-top:20px;text-align:center;\">\n\t\t\t<h2>Welcome to your Client Portal<\/h2> \n\t\t\t<p>Please login to your Client Portal to be able to view your documents<\/p>\n\t\t\t<div class=\"login-form\">\n\t\t\t\t<form name=\"loginform\" id=\"loginform\" action=\"https:\/\/blackpinecabin.hu\/wp-login.php\" method=\"post\"><p class=\"login-username\">\n\t\t\t\t<label for=\"user_login\">Email Address<\/label>\n\t\t\t\t<input type=\"text\" name=\"log\" id=\"user_login\" autocomplete=\"username\" class=\"input\" value=\"\" size=\"20\" \/>\n\t\t\t<\/p><p class=\"login-password\">\n\t\t\t\t<label for=\"user_pass\">Password<\/label>\n\t\t\t\t<input type=\"password\" name=\"pwd\" id=\"user_pass\" autocomplete=\"current-password\" spellcheck=\"false\" class=\"input\" value=\"\" size=\"20\" \/>\n\t\t\t<\/p><p class=\"login-remember\"><label><input name=\"rememberme\" type=\"checkbox\" id=\"rememberme\" value=\"forever\" \/> Remember Me<\/label><\/p><p class=\"login-submit\">\n\t\t\t\t<input type=\"submit\" name=\"wp-submit\" id=\"wp-submit\" class=\"button button-primary\" value=\"Log In\" \/>\n\t\t\t\t<input type=\"hidden\" name=\"redirect_to\" value=\"https:\/\/blackpinecabin.hu\/en\/clients\/\" \/>\n\t\t\t<\/p><input type=\"hidden\" name=\"fromzbslogin\" value=\"1\" \/><\/form>\t\t\t\t<a href=\"https:\/\/blackpinecabin.hu\/wp-login.php?action=lostpassword&#038;redirect_to=https%3A%2F%2Fblackpinecabin.hu%2Fen%2Fclients%2F\" alt=\"Lost Password\">Lost Password<\/a>\n\t\t\t<\/div>\n\t\t<\/div>\n\t\t\t<\/div>\n<\/div>","protected":false},"excerpt":{"rendered":"","protected":false},"author":1,"featured_media":0,"parent":0,"menu_order":0,"comment_status":"closed","ping_status":"closed","template":"","meta":{"footnotes":""},"class_list":["post-162228","page","type-page","status-publish","hentry"],"yoast_head":"<!-- This site is optimized with the Yoast SEO plugin v27.3 - https:\/\/yoast.com\/product\/yoast-seo-wordpress\/ -->\n<title>Client Portal - Black Pine Cabin<\/title>\n<meta name=\"robots\" content=\"index, follow, max-snippet:-1, max-image-preview:large, max-video-preview:-1\" \/>\n<link rel=\"canonical\" href=\"https:\/\/blackpinecabin.hu\/en\/clients\/\" \/>\n<meta property=\"og:locale\" content=\"en_US\" \/>\n<meta property=\"og:type\" content=\"article\" \/>\n<meta property=\"og:title\" content=\"Client Portal - Black Pine Cabin\" \/>\n<meta property=\"og:url\" content=\"https:\/\/blackpinecabin.hu\/en\/clients\/\" \/>\n<meta property=\"og:site_name\" content=\"Black Pine Cabin\" \/>\n<meta property=\"article:publisher\" content=\"https:\/\/www.facebook.com\/blackpinecabinszentendre\" \/>\n<meta name=\"twitter:card\" content=\"summary_large_image\" \/>\n<script type=\"application\/ld+json\" class=\"yoast-schema-graph\">{\"@context\":\"https:\\\/\\\/schema.org\",\"@graph\":[{\"@type\":\"WebPage\",\"@id\":\"https:\\\/\\\/blackpinecabin.hu\\\/clients\\\/\",\"url\":\"https:\\\/\\\/blackpinecabin.hu\\\/clients\\\/\",\"name\":\"Client Portal - Black Pine Cabin\",\"isPartOf\":{\"@id\":\"https:\\\/\\\/blackpinecabin.hu\\\/#website\"},\"datePublished\":\"2026-01-26T08:45:57+00:00\",\"breadcrumb\":{\"@id\":\"https:\\\/\\\/blackpinecabin.hu\\\/clients\\\/#breadcrumb\"},\"inLanguage\":\"en-US\",\"potentialAction\":[{\"@type\":\"ReadAction\",\"target\":[\"https:\\\/\\\/blackpinecabin.hu\\\/clients\\\/\"]}]},{\"@type\":\"BreadcrumbList\",\"@id\":\"https:\\\/\\\/blackpinecabin.hu\\\/clients\\\/#breadcrumb\",\"itemListElement\":[{\"@type\":\"ListItem\",\"position\":1,\"name\":\"Kezd\u0151lap\",\"item\":\"https:\\\/\\\/blackpinecabin.hu\\\/\"},{\"@type\":\"ListItem\",\"position\":2,\"name\":\"Client Portal\"}]},{\"@type\":\"WebSite\",\"@id\":\"https:\\\/\\\/blackpinecabin.hu\\\/#website\",\"url\":\"https:\\\/\\\/blackpinecabin.hu\\\/\",\"name\":\"Black Pine Cabin\",\"description\":\"A Pilis l\u00e1b\u00e1n\u00e1l a term\u00e9szet \u00f6lel\u00e9s\u00e9ben sz\u00fcletett a Black Pine Cabin, ahol a csend, nyugalom \u00e9s harm\u00f3nia tal\u00e1lkozik a modern, otthonos hangulattal. Ide\u00e1lis p\u00e1roknak, csal\u00e1doknak, akik felt\u00f6lt\u0151d\u00e9sre v\u00e1gynak.\",\"publisher\":{\"@id\":\"https:\\\/\\\/blackpinecabin.hu\\\/#organization\"},\"potentialAction\":[{\"@type\":\"SearchAction\",\"target\":{\"@type\":\"EntryPoint\",\"urlTemplate\":\"https:\\\/\\\/blackpinecabin.hu\\\/?s={search_term_string}\"},\"query-input\":{\"@type\":\"PropertyValueSpecification\",\"valueRequired\":true,\"valueName\":\"search_term_string\"}}],\"inLanguage\":\"en-US\"},{\"@type\":\"Organization\",\"@id\":\"https:\\\/\\\/blackpinecabin.hu\\\/#organization\",\"name\":\"Black Pine Cabin\",\"url\":\"https:\\\/\\\/blackpinecabin.hu\\\/\",\"logo\":{\"@type\":\"ImageObject\",\"inLanguage\":\"en-US\",\"@id\":\"https:\\\/\\\/blackpinecabin.hu\\\/#\\\/schema\\\/logo\\\/image\\\/\",\"url\":\"https:\\\/\\\/i0.wp.com\\\/blackpinecabin.hu\\\/wp-content\\\/uploads\\\/2025\\\/09\\\/cropped-Black-Pine-PNG-2-1.png?fit=512%2C512&ssl=1\",\"contentUrl\":\"https:\\\/\\\/i0.wp.com\\\/blackpinecabin.hu\\\/wp-content\\\/uploads\\\/2025\\\/09\\\/cropped-Black-Pine-PNG-2-1.png?fit=512%2C512&ssl=1\",\"width\":512,\"height\":512,\"caption\":\"Black Pine Cabin\"},\"image\":{\"@id\":\"https:\\\/\\\/blackpinecabin.hu\\\/#\\\/schema\\\/logo\\\/image\\\/\"},\"sameAs\":[\"https:\\\/\\\/www.facebook.com\\\/blackpinecabinszentendre\",\"https:\\\/\\\/www.instagram.com\\\/blackpinecabinszentendre\\\/\"]}]}<\/script>\n<!-- \/ Yoast SEO plugin. -->","yoast_head_json":{"title":"Client Portal - Black Pine Cabin","robots":{"index":"index","follow":"follow","max-snippet":"max-snippet:-1","max-image-preview":"max-image-preview:large","max-video-preview":"max-video-preview:-1"},"canonical":"https:\/\/blackpinecabin.hu\/en\/clients\/","og_locale":"en_US","og_type":"article","og_title":"Client Portal - Black Pine Cabin","og_url":"https:\/\/blackpinecabin.hu\/en\/clients\/","og_site_name":"Black Pine Cabin","article_publisher":"https:\/\/www.facebook.com\/blackpinecabinszentendre","twitter_card":"summary_large_image","schema":{"@context":"https:\/\/schema.org","@graph":[{"@type":"WebPage","@id":"https:\/\/blackpinecabin.hu\/clients\/","url":"https:\/\/blackpinecabin.hu\/clients\/","name":"Client Portal - Black Pine Cabin","isPartOf":{"@id":"https:\/\/blackpinecabin.hu\/#website"},"datePublished":"2026-01-26T08:45:57+00:00","breadcrumb":{"@id":"https:\/\/blackpinecabin.hu\/clients\/#breadcrumb"},"inLanguage":"en-US","potentialAction":[{"@type":"ReadAction","target":["https:\/\/blackpinecabin.hu\/clients\/"]}]},{"@type":"BreadcrumbList","@id":"https:\/\/blackpinecabin.hu\/clients\/#breadcrumb","itemListElement":[{"@type":"ListItem","position":1,"name":"Kezd\u0151lap","item":"https:\/\/blackpinecabin.hu\/"},{"@type":"ListItem","position":2,"name":"Client Portal"}]},{"@type":"WebSite","@id":"https:\/\/blackpinecabin.hu\/#website","url":"https:\/\/blackpinecabin.hu\/","name":"Black Pine Cabin","description":"A Pilis l\u00e1b\u00e1n\u00e1l a term\u00e9szet \u00f6lel\u00e9s\u00e9ben sz\u00fcletett a Black Pine Cabin, ahol a csend, nyugalom \u00e9s harm\u00f3nia tal\u00e1lkozik a modern, otthonos hangulattal. Ide\u00e1lis p\u00e1roknak, csal\u00e1doknak, akik felt\u00f6lt\u0151d\u00e9sre v\u00e1gynak.","publisher":{"@id":"https:\/\/blackpinecabin.hu\/#organization"},"potentialAction":[{"@type":"SearchAction","target":{"@type":"EntryPoint","urlTemplate":"https:\/\/blackpinecabin.hu\/?s={search_term_string}"},"query-input":{"@type":"PropertyValueSpecification","valueRequired":true,"valueName":"search_term_string"}}],"inLanguage":"en-US"},{"@type":"Organization","@id":"https:\/\/blackpinecabin.hu\/#organization","name":"Black Pine Cabin","url":"https:\/\/blackpinecabin.hu\/","logo":{"@type":"ImageObject","inLanguage":"en-US","@id":"https:\/\/blackpinecabin.hu\/#\/schema\/logo\/image\/","url":"https:\/\/i0.wp.com\/blackpinecabin.hu\/wp-content\/uploads\/2025\/09\/cropped-Black-Pine-PNG-2-1.png?fit=512%2C512&ssl=1","contentUrl":"https:\/\/i0.wp.com\/blackpinecabin.hu\/wp-content\/uploads\/2025\/09\/cropped-Black-Pine-PNG-2-1.png?fit=512%2C512&ssl=1","width":512,"height":512,"caption":"Black Pine Cabin"},"image":{"@id":"https:\/\/blackpinecabin.hu\/#\/schema\/logo\/image\/"},"sameAs":["https:\/\/www.facebook.com\/blackpinecabinszentendre","https:\/\/www.instagram.com\/blackpinecabinszentendre\/"]}]}},"jetpack_sharing_enabled":true,"_links":{"self":[{"href":"https:\/\/blackpinecabin.hu\/en\/wp-json\/wp\/v2\/pages\/162228","targetHints":{"allow":["GET"]}}],"collection":[{"href":"https:\/\/blackpinecabin.hu\/en\/wp-json\/wp\/v2\/pages"}],"about":[{"href":"https:\/\/blackpinecabin.hu\/en\/wp-json\/wp\/v2\/types\/page"}],"author":[{"embeddable":true,"href":"https:\/\/blackpinecabin.hu\/en\/wp-json\/wp\/v2\/users\/1"}],"replies":[{"embeddable":true,"href":"https:\/\/blackpinecabin.hu\/en\/wp-json\/wp\/v2\/comments?post=162228"}],"version-history":[{"count":0,"href":"https:\/\/blackpinecabin.hu\/en\/wp-json\/wp\/v2\/pages\/162228\/revisions"}],"wp:attachment":[{"href":"https:\/\/blackpinecabin.hu\/en\/wp-json\/wp\/v2\/media?parent=162228"}],"curies":[{"name":"wp","href":"https:\/\/api.w.org\/{rel}","templated":true}]}}